{"id":18,"date":"2024-06-28T06:17:41","date_gmt":"2024-06-28T06:17:41","guid":{"rendered":"https:\/\/www.pekascookiesonline.com\/?page_id=18"},"modified":"2024-08-05T00:30:28","modified_gmt":"2024-08-05T00:30:28","slug":"lp-term-conditions","status":"publish","type":"page","link":"https:\/\/pekascookiesonline.com\/es\/lp-term-conditions\/","title":{"rendered":"Condiciones De Uso"},"content":{"rendered":"<div data-elementor-type=\"wp-page\" data-elementor-id=\"18\" class=\"elementor elementor-18\" data-elementor-post-type=\"page\">\n\t\t\t\t<div class=\"elementor-element elementor-element-a36b8d3 e-con-full e-flex e-con e-parent\" data-id=\"a36b8d3\" data-element_type=\"container\" data-e-type=\"container\">\n\t\t\t\t<div class=\"elementor-element elementor-element-20f5dc0 elementor-widget elementor-widget-template\" data-id=\"20f5dc0\" data-element_type=\"widget\" data-e-type=\"widget\" data-widget_type=\"template.default\">\n\t\t\t\t<div class=\"elementor-widget-container\">\n\t\t\t\t\t\t\t<div class=\"elementor-template\">\n\t\t\t\t\t<div data-elementor-type=\"section\" data-elementor-id=\"1011\" class=\"elementor elementor-1011\" data-elementor-post-type=\"elementor_library\">\n\t\t\t<div class=\"elementor-element elementor-element-b89ed5d e-con-full e-flex e-con e-parent\" data-id=\"b89ed5d\" data-element_type=\"container\" data-e-type=\"container\" data-settings=\"{&quot;background_background&quot;:&quot;classic&quot;}\">\n\t\t\t\t<\/div>\n\t\t\t\t<\/div>\n\t\t\t\t<\/div>\n\t\t\t\t\t\t<\/div>\n\t\t\t\t<\/div>\n\t\t\t\t<\/div>\n\t\t<div class=\"elementor-element elementor-element-f0331be e-flex e-con-boxed e-con e-parent\" data-id=\"f0331be\" data-element_type=\"container\" data-e-type=\"container\">\n\t\t\t\t\t<div class=\"e-con-inner\">\n\t\t\t\t<div class=\"elementor-element elementor-element-32e4e3c elementor-widget elementor-widget-text-editor\" data-id=\"32e4e3c\" data-element_type=\"widget\" data-e-type=\"widget\" data-widget_type=\"text-editor.default\">\n\t\t\t\t<div class=\"elementor-widget-container\">\n\t\t\t\t\t\t\t\t\t<p><\/p><p>Esta informaci\u00f3n regula los t\u00e9rminos del contrato, uso, limitaciones de responsabilidad y obligaciones que los usuarios y estudiantes participantes de los cursos en l\u00ednea ofrecidos en pekascookiesonline.com asumen y se comprometen a respetar.<\/p><p>La condici\u00f3n de USUARIO se atribuye a toda persona que accede, utiliza y recibe el material educativo de los cursos online de pekascookiesonline, propiedad intelectual de Pekascookiesonline LLC y alojado en la plataforma web pekascookiesonline.com.<\/p><p>Al acceder y\/o utilizar, el usuario acepta las Condiciones Generales de Uso y Contrataci\u00f3n aqu\u00ed reflejadas.<\/p><p>Si el usuario no est\u00e1 de acuerdo, se abstendr\u00e1 de utilizar la p\u00e1gina y acceder al grupo.<\/p><p><strong>EL USUARIO declara:<\/strong><\/p><ul><li><ul><li><p>Que ha le\u00eddo, entiende y comprende lo aqu\u00ed establecido;<\/p><\/li><li><p>Que es mayor de edad y tiene la edad legal suficiente para adquirir los productos ofertados por la legislaci\u00f3n del pa\u00eds de su residencia y tiene capacidad suficiente para contratar;<\/p><\/li><li><p>Usted asume todas las obligaciones aqu\u00ed establecidas.<\/p><\/li><li><p>Usted entiende que el curso se desarrolla en una plataforma alojada en un servidor ajeno a la propiedad de Pekascookiesonline LLC, la cual no ser\u00e1 responsable en ning\u00fan momento de incidencias t\u00e9cnicas que pudieran ocurrir en dicho hosting.<\/p><\/li><\/ul><\/li><\/ul><p><strong>DESCRIPCI\u00d3N DEL SERVICIO<\/strong><\/p><p>Pekascookiesonline LLC, a trav\u00e9s de pekascookiesonline.com, ofrece cursos de formaci\u00f3n online, enfocados principalmente en la decoraci\u00f3n de galletas, tanto a nivel nacional como internacional. Los cursos se imparten \u00edntegramente en l\u00ednea, seg\u00fan nuestra metodolog\u00eda educativa que garantiza una formaci\u00f3n continua y enfocada, adem\u00e1s ofrecemos galletas y productos de galletas como cortadores de galletas, plantillas, y m\u00e1s.<\/p><p><strong>PROCESO DE CONTRATACI\u00d3N<\/strong><\/p><p>Para iniciar el proceso de contrataci\u00f3n de cursos en pekascookiesonline.com, es necesario en primer lugar registrarse como usuario\/alumno y adquirir el curso haciendo clic en los botones de a\u00f1adir al carrito que aparecen en la p\u00e1gina principal de cursos online. Una vez adquirido el curso y procesado el pago, se enviar\u00e1 un correo electr\u00f3nico de confirmaci\u00f3n a la direcci\u00f3n de correo electr\u00f3nico proporcionada durante la tramitaci\u00f3n del pago, y el acceso se produce de forma autom\u00e1tica en un plazo m\u00e1ximo de 72 horas en la misma plataforma.<\/p><p>Al acceder al mismo, el usuario\/alumno disfrutar\u00e1 del contenido educativo que Pekascookiesonline LLC pone a disposici\u00f3n en la plataforma.<\/p><p>Al elegir un curso pago, tenga en cuenta que los precios en nuestra plataforma pekascookiesonline.com est\u00e1n en d\u00f3lares estadounidenses y el costo total incluye el IVA seg\u00fan corresponda, por la legislaci\u00f3n donde est\u00e1 registrada Pekascookiesonline LLC.<\/p><p>La inscripci\u00f3n ser\u00e1 individual e intransferible para cada persona y cada curso.<\/p><p><strong>M\u00c9TODO DE PAGO<\/strong><\/p><p>Todos los programas y cursos de Pekascookiesonline se pueden pagar mediante PayPal, ingreso o transferencia bancaria. El uso fraudulento de la cuenta PayPal del usuario o la denegaci\u00f3n de la operaci\u00f3n de pago por cualquier motivo otorga a Pekascookiesonline el derecho a resolver el contrato del curso o programa adquirido, sin perjuicio de las responsabilidades civiles y penales que correspondan.<\/p><p>Una vez adquirido el curso y realizado el pago, el cliente podr\u00e1 optar por recibir la factura de la compra en un plazo de 30 d\u00edas desde la compra, escribiendo a pekascookiesonline@gmail.com.<\/p><p><strong>POL\u00cdTICA DE DEVOLUCI\u00d3N \/ POL\u00cdTICA DE REEMBOLSO<\/strong><\/p><p>Los art\u00edculos son de venta final, no se permiten devoluciones.<\/p><p>Todos los art\u00edculos se env\u00edan desde Albuquerque, NM, EE. UU.<\/p><p>Los art\u00edculos se pueden enviar a trav\u00e9s de USPS. Podr\u00e1s seleccionar tu m\u00e9todo de env\u00edo al finalizar la compra. USPS no trabaja los domingos ni los d\u00edas festivos, los tiempos de env\u00edo se ven afectados por el clima nacional y las temporadas festivas, as\u00ed que tenlo en cuenta al realizar tu pedido. Los tiempos de env\u00edo son una estimaci\u00f3n y no garantizan los tiempos de env\u00edo. USPS es responsable de los retrasos en el tr\u00e1nsito, los da\u00f1os o los paquetes perdidos durante el env\u00edo. No dudes en comunicarte con ellos directamente para realizar el seguimiento de tu env\u00edo.<\/p><p><strong>CONTENIDO Y SU USO<\/strong><\/p><p>Pekascookiesonline LLC, en su calidad de autor, titular de la propiedad intelectual e instructor, proporciona o puede proporcionar al USUARIO acceso a diferente informaci\u00f3n, servicios, aplicaciones o datos (en adelante, \u201clos contenidos\u201d) en Internet y\/o facilitar la descarga de dichos contenidos para uso personal del Usuario.<\/p><p>Pekascookiesonline LLC se reserva el derecho de permitir o bloquear en cualquier momento, tanto el acceso como la descarga de dichos contenidos a aquellos usuarios que, a su juicio, puedan estar infringiendo las normas de propiedad intelectual que los protegen.<\/p><p>Pekascookiesonline LLC tiene todos los derechos de propiedad intelectual sobre el contenido de esta plataforma, ya sean textos, im\u00e1genes, fotograf\u00edas, videos y\/o ilustraciones.<\/p><p>Todo el contenido del sitio web pekascookiesonline.com est\u00e1 protegido por derechos de autor por lo que EL USUARIO debe conocer y aceptar que es ilegal copiarlo, reproducirlo, venderlo, transmitirlo, distribuirlo, republicarlo, modificarlo o exhibirlo para uso comercial sin el consentimiento previo de Pekascookiesonline LLC.<\/p><p>EL USUARIO se compromete a no copiar y pegar ning\u00fan texto o imagen de los cursos y gu\u00edas en cualquier lugar, en ninguna forma, no pudiendo reproducir los textos o im\u00e1genes para uso personal o comercial, ni distribuir el contenido (im\u00e1genes, v\u00eddeos, fotos, textos, audios, descargas) de los cursos de ninguna manera.<\/p><p>El estudiante no tiene derecho a reproducir, copiar, compartir, vender, revender o redistribuir parte o la totalidad del contenido del curso.<\/p><p>Dicho contenido es para uso exclusivo de aquellos registrados en pekascookiesonline.com y podr\u00e1 ser utilizado exclusivamente a trav\u00e9s de la forma dispuesta en dicha plataforma por Pekascookiesonline LLC, quien tiene todos los derechos sobre la propiedad intelectual de los contenidos.<\/p><p>El material de los cursos en l\u00ednea est\u00e1 protegido por la ley de derechos de autor y es ilegal copiarlo, reproducirlo, vender, transmitir, distribuir, republicar, modificarlo o mostrarlo total o parcialmente sin el consentimiento previo de Pekascookiesonline.com.<\/p><p>Los cursos online son para uso exclusivo del alumno inscrito en ellos, no estando permitido compartir m\u00f3dulos, lecciones o cursos completos o su contenido con una o m\u00e1s personas. No se permite la participaci\u00f3n m\u00faltiple en un mismo registro en pekascookiesonline.com.<\/p><p>Nos reservamos el derecho, pero no la obligaci\u00f3n, de limitar las ventas de nuestros productos o servicios a cualquier persona, regi\u00f3n geogr\u00e1fica o jurisdicci\u00f3n. Podemos ejercer este derecho caso por caso. Nos reservamos el derecho de limitar las cantidades de cualquier producto o servicio que ofrecemos. Todas las descripciones de productos o precios de productos est\u00e1n sujetos a cambios en cualquier momento sin previo aviso, a nuestro exclusivo criterio. Nos reservamos el derecho de discontinuar cualquier producto en cualquier momento. Cualquier oferta de cualquier producto o servicio realizada en este sitio es nula donde est\u00e9 prohibida.<\/p><p>No garantizamos que la calidad de los productos, servicios, informaci\u00f3n u otro material comprado u obtenido por usted cumplir\u00e1 con sus expectativas, o que cualquier error en el Servicio ser\u00e1 corregido.<\/p><p><strong>CAMBIOS EN LOS T\u00c9RMINOS DE SERVICIO<\/strong><\/p><p>Puede revisar la versi\u00f3n m\u00e1s actualizada de los T\u00e9rminos de Servicio en cualquier momento en esta p\u00e1gina.<\/p><p>Nos reservamos el derecho, a nuestra entera discreci\u00f3n, de actualizar, cambiar o reemplazar cualquier parte de estos T\u00e9rminos de Servicio mediante la publicaci\u00f3n de actualizaciones y cambios en nuestro sitio web. Es su responsabilidad revisar nuestro sitio web peri\u00f3dicamente para ver si hay cambios. Su uso o acceso continuo a nuestro sitio web o al Servicio despu\u00e9s de la publicaci\u00f3n de cualquier cambio en estos T\u00e9rminos de Servicio constituye la aceptaci\u00f3n de dichos cambios.<\/p><p><strong>INFORMACI\u00d3N DEL CONTACTO<\/strong><\/p><p>Las preguntas sobre los T\u00e9rminos de Servicio deben enviarse a pekascookiesonline@gmail.com.<\/p>\t\t\t\t\t\t\t\t<\/div>\n\t\t\t\t<\/div>\n\t\t\t\t\t<\/div>\n\t\t\t\t<\/div>\n\t\t\t\t<\/div>","protected":false},"excerpt":{"rendered":"<p>This information regulates the terms of the contract, use, limitations of liability, and obligations that users and students participating in [&hellip;]<\/p>\n","protected":false},"author":3,"featured_media":0,"parent":0,"menu_order":0,"comment_status":"closed","ping_status":"closed","template":"","meta":{"_acf_changed":false,"pmpro_default_level":"","footnotes":""},"class_list":["post-18","page","type-page","status-publish","hentry","pmpro-has-access"],"acf":[],"_links":{"self":[{"href":"https:\/\/pekascookiesonline.com\/es\/wp-json\/wp\/v2\/pages\/18","targetHints":{"allow":["GET"]}}],"collection":[{"href":"https:\/\/pekascookiesonline.com\/es\/wp-json\/wp\/v2\/pages"}],"about":[{"href":"https:\/\/pekascookiesonline.com\/es\/wp-json\/wp\/v2\/types\/page"}],"author":[{"embeddable":true,"href":"https:\/\/pekascookiesonline.com\/es\/wp-json\/wp\/v2\/users\/3"}],"replies":[{"embeddable":true,"href":"https:\/\/pekascookiesonline.com\/es\/wp-json\/wp\/v2\/comments?post=18"}],"version-history":[{"count":0,"href":"https:\/\/pekascookiesonline.com\/es\/wp-json\/wp\/v2\/pages\/18\/revisions"}],"wp:attachment":[{"href":"https:\/\/pekascookiesonline.com\/es\/wp-json\/wp\/v2\/media?parent=18"}],"curies":[{"name":"wp","href":"https:\/\/api.w.org\/{rel}","templated":true}]}}