{"id":28751,"date":"2025-05-15T22:16:16","date_gmt":"2025-05-15T22:16:16","guid":{"rendered":"https:\/\/www.pekascookiesonline.com\/?page_id=28751"},"modified":"2025-12-08T21:04:34","modified_gmt":"2025-12-08T21:04:34","slug":"free-email-cookie-class-digital-product-sellers","status":"publish","type":"page","link":"https:\/\/pekascookiesonline.com\/es\/free-email-cookie-class-digital-product-sellers\/","title":{"rendered":"free-email-cookie-class-digital-product-sellers"},"content":{"rendered":"\t\t<div data-elementor-type=\"wp-page\" data-elementor-id=\"28751\" class=\"elementor elementor-28751\" data-elementor-post-type=\"page\">\n\t\t\t\t<div class=\"elementor-element elementor-element-ed635f1 e-grid e-con-boxed e-con e-parent\" data-id=\"ed635f1\" data-element_type=\"container\" data-e-type=\"container\">\n\t\t\t\t\t<div class=\"e-con-inner\">\n\t\t\t\t<div class=\"elementor-element elementor-element-1f67fa2 elementor-widget elementor-widget-text-editor\" data-id=\"1f67fa2\" data-element_type=\"widget\" data-e-type=\"widget\" data-widget_type=\"text-editor.default\">\n\t\t\t\t<div class=\"elementor-widget-container\">\n\t\t\t\t\t\t\t\t\t<div id=\"heading-RHang9L0Xk\" class=\"c-heading c-wrapper\"><div class=\"heading-RHang9L0Xk text-output cheading-RHang9L0Xk noBorder radius0 none\" data-animation-class=\"\"><div><h1>Your free cookie class from scratch Email Squence<\/h1><\/div><\/div><\/div><div id=\"sub-heading-CitKOsYwT5\" class=\"c-sub-heading c-wrapper\"><div class=\"sub-heading-CitKOsYwT5 text-output csub-heading-CitKOsYwT5 noBorder radius0 none\" data-animation-class=\"\"><div><h2>What You Get:<\/h2><\/div><\/div><\/div><div id=\"paragraph-Eed-6ljeA8\" class=\"c-paragraph c-wrapper\"><div class=\"paragraph-Eed-6ljeA8 text-output cparagraph-Eed-6ljeA8 noBorder radius0 none\" data-animation-class=\"\"><div><p>\u2705 Basics Tools: 5 Tools that each baker should invest since the beginning.\u00a0<\/p><p>\u2705 5 tips to have perfect cookies even if it is your first time baking<\/p><p>\u2705 One template for the cheerleader&#8217;s cookie tutorial step by step\u00a0 + video\u00a0<\/p><\/div><\/div><\/div><div id=\"sub-heading-zzGYkb-9Ou\" class=\"c-sub-heading c-wrapper\"><div class=\"sub-heading-zzGYkb-9Ou text-output csub-heading-zzGYkb-9Ou noBorder radius0 none\" data-animation-class=\"\"><div><h2>Why You Need This:<\/h2><\/div><\/div><\/div><div id=\"paragraph-zb6jRBCBWn\" class=\"c-paragraph c-wrapper\"><div class=\"paragraph-zb6jRBCBWn text-output cparagraph-zb6jRBCBWn noBorder radius0 none\" data-animation-class=\"\"><div><p><strong>Let\u2019s be real\u2014staring at YouTube looking for the perfect recipe? testing ingredientes? wasting time and money?<\/strong><\/p><p><strong><br \/>It\u2019s frustrating and time-consuming.<br \/><\/strong><\/p><p><strong>These Tips\u00a0 take the guesswork out of what to say, so you can confidently can bake since the first time and be proud of your cookies!<\/strong><\/p><p><strong>Simple, strategic, and done for you \ud83d\udc8c<\/strong><\/p><\/div><\/div><\/div>\t\t\t\t\t\t\t\t<\/div>\n\t\t\t\t<\/div>\n\t\t\t\t<div class=\"elementor-element elementor-element-35feed9 elementor-widget elementor-widget-text-editor\" data-id=\"35feed9\" data-element_type=\"widget\" data-e-type=\"widget\" data-widget_type=\"text-editor.default\">\n\t\t\t\t<div class=\"elementor-widget-container\">\n\t\t\t\t\t\t\t\t\t<h1>Tu clase de galletas gratis desde cero. Secuencia de correo electr\u00f3nico.<br \/>Qu\u00e9 obtienes:<\/h1><p><img decoding=\"async\" class=\"emoji\" role=\"img\" draggable=\"false\" src=\"https:\/\/s.w.org\/images\/core\/emoji\/15.0.3\/svg\/2705.svg\" alt=\"\u2705\" \/> Herramientas b\u00e1sicas: 5 herramientas que toda galletera deber\u00eda invertir desde el principio.<\/p><p><img decoding=\"async\" class=\"emoji\" role=\"img\" draggable=\"false\" src=\"https:\/\/s.w.org\/images\/core\/emoji\/15.0.3\/svg\/2705.svg\" alt=\"\u2705\" \/> 5 consejos para tener galletas perfectas, incluso si es tu primera vez horneando.<\/p><p><img decoding=\"async\" class=\"emoji\" role=\"img\" draggable=\"false\" src=\"https:\/\/s.w.org\/images\/core\/emoji\/15.0.3\/svg\/2705.svg\" alt=\"\u2705\" \/> Una plantilla para el tutorial de galletas de porristas paso a paso + video.<\/p><h1>Por qu\u00e9 lo necesitas:<\/h1><p><b>Seamos realistas: \u00bfmirar YouTube buscando la receta perfecta? \u00bfProbar ingredientes? \u00bfPerder tiempo y dinero?<\/b><\/p><p><b>Es frustrante y consume mucho tiempo que no?<\/b><\/p><p><b>Mis consejos te ayudar\u00e1n a hornear con confianza desde la primera vez y a sentirte orgullosa de tus galletas.<\/b><\/p><p><b>Sencillo, estrat\u00e9gico y listo para ti<\/b>. <img decoding=\"async\" class=\"emoji\" role=\"img\" draggable=\"false\" src=\"https:\/\/s.w.org\/images\/core\/emoji\/15.0.3\/svg\/1f48c.svg\" alt=\"\ud83d\udc8c\" \/><\/p>\t\t\t\t\t\t\t\t<\/div>\n\t\t\t\t<\/div>\n\t\t\t\t\t<\/div>\n\t\t\t\t<\/div>\n\t\t<div class=\"elementor-element elementor-element-bc86b72 e-grid e-con-boxed e-con e-parent\" data-id=\"bc86b72\" data-element_type=\"container\" data-e-type=\"container\">\n\t\t\t\t\t<div class=\"e-con-inner\">\n\t\t\t\t<div class=\"elementor-element elementor-element-561a0af elementor-widget elementor-widget-text-editor\" data-id=\"561a0af\" data-element_type=\"widget\" data-e-type=\"widget\" data-widget_type=\"text-editor.default\">\n\t\t\t\t<div class=\"elementor-widget-container\">\n\t\t\t\t\t\t\t\t\t<div id=\"heading-elfgN5VW2G\" class=\"c-heading c-wrapper\"><div><h2>Where should I send your cookie class from scratch?<\/h2><\/div><\/div><div id=\"form-tB6tDcg0Rq\" class=\"c-form c-wrapper form-tB6tDcg0Rq\"><div class=\"cform-tB6tDcg0Rq\"><div class=\"hl-app\"><section id=\"form-builder\" class=\"hl_form-builder--main\"><div class=\"ghl-form-wrap\"><div id=\"_builder-form\" class=\"form-builder--wrap\"><div class=\"flex-col extra-top-padding fields-container row\"><div id=\"el_SFBDqAiMPVLHNiLqATkE_email_0\" class=\"col-12 form-field-wrapper\"><div class=\"f-even form-field-container\"><div class=\"form-builder--item field-container\"><div class=\"flex-col\">\u00a0<\/div><\/div><\/div><\/div><\/div><\/div><\/div><\/section><\/div><\/div><\/div>\t\t\t\t\t\t\t\t<\/div>\n\t\t\t\t<\/div>\n\t\t\t\t<div class=\"elementor-element elementor-element-338a59d elementor-widget elementor-widget-text-editor\" data-id=\"338a59d\" data-element_type=\"widget\" data-e-type=\"widget\" data-widget_type=\"text-editor.default\">\n\t\t\t\t<div class=\"elementor-widget-container\">\n\t\t\t\t\t\t\t\t\t<h2>\u00bfA d\u00f3nde debo enviar tu clase de galletas desde cero?<\/h2>\t\t\t\t\t\t\t\t<\/div>\n\t\t\t\t<\/div>\n\t\t\t\t\t<\/div>\n\t\t\t\t<\/div>\n\t\t<div class=\"elementor-element elementor-element-3135584 e-grid e-con-boxed e-con e-parent\" data-id=\"3135584\" data-element_type=\"container\" data-e-type=\"container\">\n\t\t\t\t\t<div class=\"e-con-inner\">\n\t\t\t\t<div class=\"elementor-element elementor-element-5347ae5 elementor-widget elementor-widget-spacer\" data-id=\"5347ae5\" data-element_type=\"widget\" data-e-type=\"widget\" data-widget_type=\"spacer.default\">\n\t\t\t\t<div class=\"elementor-widget-container\">\n\t\t\t\t\t\t\t<div class=\"elementor-spacer\">\n\t\t\t<div class=\"elementor-spacer-inner\"><\/div>\n\t\t<\/div>\n\t\t\t\t\t\t<\/div>\n\t\t\t\t<\/div>\n\t\t\t\t\t<\/div>\n\t\t\t\t<\/div>\n\t\t<div class=\"elementor-element elementor-element-eaa13a2 e-flex e-con-boxed e-con e-parent\" data-id=\"eaa13a2\" data-element_type=\"container\" data-e-type=\"container\">\n\t\t\t\t\t<div class=\"e-con-inner\">\n\t\t\t\t\t<\/div>\n\t\t\t\t<\/div>\n\t\t<div class=\"elementor-element elementor-element-6b02525 e-flex e-con-boxed e-con e-parent\" data-id=\"6b02525\" data-element_type=\"container\" data-e-type=\"container\">\n\t\t\t\t\t<div class=\"e-con-inner\">\n\t\t\t\t<div class=\"elementor-element elementor-element-4dbc991 elementor-button-align-stretch elementor-widget elementor-widget-form\" data-id=\"4dbc991\" data-element_type=\"widget\" data-e-type=\"widget\" data-settings=\"{&quot;step_next_label&quot;:&quot;Next&quot;,&quot;step_previous_label&quot;:&quot;Previous&quot;,&quot;button_width&quot;:&quot;100&quot;,&quot;step_type&quot;:&quot;number_text&quot;,&quot;step_icon_shape&quot;:&quot;circle&quot;}\" data-widget_type=\"form.default\">\n\t\t\t\t<div class=\"elementor-widget-container\">\n\t\t\t\t\t\t\t<form class=\"elementor-form\" method=\"post\" name=\"New Form\" aria-label=\"New Form\">\n\t\t\t<input type=\"hidden\" name=\"post_id\" value=\"28751\"\/>\n\t\t\t<input type=\"hidden\" name=\"form_id\" value=\"4dbc991\"\/>\n\t\t\t<input type=\"hidden\" name=\"referer_title\" value=\"free-email-cookie-class-digital-product-sellers - PEKASCOOKIESONLINE\" \/>\n\n\t\t\t\t\t\t\t<input type=\"hidden\" name=\"queried_id\" value=\"28751\"\/>\n\t\t\t\n\t\t\t<div class=\"elementor-form-fields-wrapper elementor-labels-\">\n\t\t\t\t\t\t\t\t<div class=\"elementor-field-type-text elementor-field-group elementor-column elementor-field-group-name elementor-col-100\">\n\t\t\t\t\t\t\t\t\t\t\t\t<label for=\"form-field-name\" class=\"elementor-field-label elementor-screen-only\">\n\t\t\t\t\t\t\t\tName \t\t\t\t\t\t\t<\/label>\n\t\t\t\t\t\t\t\t\t\t\t\t\t\t<input size=\"1\" type=\"text\" name=\"form_fields[name]\" id=\"form-field-name\" class=\"elementor-field elementor-size-md  elementor-field-textual\" placeholder=\"Name \/ \">\n\t\t\t\t\t\t\t\t\t\t\t<\/div>\n\t\t\t\t\t\t\t\t<div class=\"elementor-field-type-email elementor-field-group elementor-column elementor-field-group-email elementor-col-100 elementor-field-required\">\n\t\t\t\t\t\t\t\t\t\t\t\t<label for=\"form-field-email\" class=\"elementor-field-label elementor-screen-only\">\n\t\t\t\t\t\t\t\tEmail \/ Correo\t\t\t\t\t\t\t<\/label>\n\t\t\t\t\t\t\t\t\t\t\t\t\t\t<input size=\"1\" type=\"email\" name=\"form_fields[email]\" id=\"form-field-email\" class=\"elementor-field elementor-size-md  elementor-field-textual\" placeholder=\"Email\" required=\"required\">\n\t\t\t\t\t\t\t\t\t\t\t<\/div>\n\t\t\t\t\t\t\t\t<div class=\"elementor-field-group elementor-column elementor-field-type-submit elementor-col-100 e-form__buttons\">\n\t\t\t\t\t<button class=\"elementor-button elementor-size-sm\" type=\"submit\">\n\t\t\t\t\t\t<span class=\"elementor-button-content-wrapper\">\n\t\t\t\t\t\t\t\t\t\t\t\t\t\t\t\t\t\t\t\t\t\t<span class=\"elementor-button-text\">Send<\/span>\n\t\t\t\t\t\t\t\t\t\t\t\t\t<\/span>\n\t\t\t\t\t<\/button>\n\t\t\t\t<\/div>\n\t\t\t<\/div>\n\t\t<\/form>\n\t\t\t\t\t\t<\/div>\n\t\t\t\t<\/div>\n\t\t\t\t\t<\/div>\n\t\t\t\t<\/div>\n\t\t<div class=\"elementor-element elementor-element-f54b46b e-grid e-con-boxed e-con e-parent\" data-id=\"f54b46b\" data-element_type=\"container\" data-e-type=\"container\">\n\t\t\t\t\t<div class=\"e-con-inner\">\n\t\t\t\t<div class=\"elementor-element elementor-element-4c745f7 elementor-widget elementor-widget-text-editor\" data-id=\"4c745f7\" data-element_type=\"widget\" data-e-type=\"widget\" data-widget_type=\"text-editor.default\">\n\t\t\t\t<div class=\"elementor-widget-container\">\n\t\t\t\t\t\t\t\t\t<p>By entering your email address, you agree to receive emails from us (including my newsletter, as well as promotional offers and announcements)<\/p>\t\t\t\t\t\t\t\t<\/div>\n\t\t\t\t<\/div>\n\t\t\t\t<div class=\"elementor-element elementor-element-03840b0 elementor-widget elementor-widget-text-editor\" data-id=\"03840b0\" data-element_type=\"widget\" data-e-type=\"widget\" data-widget_type=\"text-editor.default\">\n\t\t\t\t<div class=\"elementor-widget-container\">\n\t\t\t\t\t\t\t\t\t<p>Al ingresar su direcci\u00f3n de correo electr\u00f3nico, usted acepta recibir correos electr\u00f3nicos nuestros (incluido mi bolet\u00edn informativo, as\u00ed como ofertas promocionales y anuncios).<\/p>\t\t\t\t\t\t\t\t<\/div>\n\t\t\t\t<\/div>\n\t\t\t\t\t<\/div>\n\t\t\t\t<\/div>\n\t\t<div class=\"elementor-element elementor-element-2eaf094 e-flex e-con-boxed e-con e-parent\" data-id=\"2eaf094\" data-element_type=\"container\" data-e-type=\"container\">\n\t\t\t\t\t<div class=\"e-con-inner\">\n\t\t\t\t\t<\/div>\n\t\t\t\t<\/div>\n\t\t<div class=\"elementor-element elementor-element-8ceb026 e-grid e-con-boxed e-con e-parent\" data-id=\"8ceb026\" data-element_type=\"container\" data-e-type=\"container\">\n\t\t\t\t\t<div class=\"e-con-inner\">\n\t\t\t\t<div class=\"elementor-element elementor-element-e671b3f elementor-widget elementor-widget-text-editor\" data-id=\"e671b3f\" data-element_type=\"widget\" data-e-type=\"widget\" data-widget_type=\"text-editor.default\">\n\t\t\t\t<div class=\"elementor-widget-container\">\n\t\t\t\t\t\t\t\t\t<p>This site is not a part of the Facebook\u2122 website or Facebook\u2122 Inc. Additionally, this site is NOT endorsed<\/p><p>by Facebook\u2122 in any way. FACEBOOK\u2122 is a trademark of FACEBOOK\u2122, Inc.<\/p>\t\t\t\t\t\t\t\t<\/div>\n\t\t\t\t<\/div>\n\t\t\t\t<div class=\"elementor-element elementor-element-80fb1df elementor-widget elementor-widget-text-editor\" data-id=\"80fb1df\" data-element_type=\"widget\" data-e-type=\"widget\" data-widget_type=\"text-editor.default\">\n\t\t\t\t<div class=\"elementor-widget-container\">\n\t\t\t\t\t\t\t\t\t<p>Este sitio no forma parte del sitio web de Facebook\u2122 ni de Facebook\u2122 Inc. Adem\u00e1s, este sitio NO cuenta con el respaldo de Facebook\u2122 de ninguna manera. FACEBOOK\u2122 es una marca registrada de FACEBOOK\u2122, Inc.<\/p>\t\t\t\t\t\t\t\t<\/div>\n\t\t\t\t<\/div>\n\t\t\t\t\t<\/div>\n\t\t\t\t<\/div>\n\t\t\t\t<\/div>\n\t\t","protected":false},"excerpt":{"rendered":"<p>Your free cookie class from scratch Email Squence What You Get: \u2705 Basics Tools: 5 Tools that each baker should [&hellip;]<\/p>\n","protected":false},"author":3,"featured_media":0,"parent":0,"menu_order":0,"comment_status":"closed","ping_status":"closed","template":"","meta":{"_acf_changed":false,"pmpro_default_level":"","footnotes":""},"class_list":["post-28751","page","type-page","status-publish","hentry","pmpro-has-access"],"acf":[],"_links":{"self":[{"href":"https:\/\/pekascookiesonline.com\/es\/wp-json\/wp\/v2\/pages\/28751","targetHints":{"allow":["GET"]}}],"collection":[{"href":"https:\/\/pekascookiesonline.com\/es\/wp-json\/wp\/v2\/pages"}],"about":[{"href":"https:\/\/pekascookiesonline.com\/es\/wp-json\/wp\/v2\/types\/page"}],"author":[{"embeddable":true,"href":"https:\/\/pekascookiesonline.com\/es\/wp-json\/wp\/v2\/users\/3"}],"replies":[{"embeddable":true,"href":"https:\/\/pekascookiesonline.com\/es\/wp-json\/wp\/v2\/comments?post=28751"}],"version-history":[{"count":0,"href":"https:\/\/pekascookiesonline.com\/es\/wp-json\/wp\/v2\/pages\/28751\/revisions"}],"wp:attachment":[{"href":"https:\/\/pekascookiesonline.com\/es\/wp-json\/wp\/v2\/media?parent=28751"}],"curies":[{"name":"wp","href":"https:\/\/api.w.org\/{rel}","templated":true}]}}