{"id":29352,"date":"2025-08-05T00:25:52","date_gmt":"2025-08-05T00:25:52","guid":{"rendered":"https:\/\/www.pekascookiesonline.com\/?page_id=29352"},"modified":"2025-08-05T00:42:56","modified_gmt":"2025-08-05T00:42:56","slug":"vip-en","status":"publish","type":"page","link":"https:\/\/pekascookiesonline.com\/es\/vip-en\/","title":{"rendered":"VIP-EN"},"content":{"rendered":"<div data-elementor-type=\"wp-page\" data-elementor-id=\"29352\" class=\"elementor elementor-29352\" data-elementor-post-type=\"page\">\n\t\t\t\t<div class=\"elementor-element elementor-element-dddbf68 e-flex e-con-boxed e-con e-parent\" data-id=\"dddbf68\" data-element_type=\"container\" data-e-type=\"container\">\n\t\t\t\t\t<div class=\"e-con-inner\">\n\t\t\t\t<div class=\"elementor-element elementor-element-ed689bf elementor-widget elementor-widget-thim-ekits-heading\" data-id=\"ed689bf\" data-element_type=\"widget\" data-e-type=\"widget\" data-widget_type=\"thim-ekits-heading.default\">\n\t\t\t\t<div class=\"elementor-widget-container\">\n\t\t\t\t\t<div class=\"thim-ekits-heading thim-ekit__heading\"><h3 class=\"sub-heading\">\u00a1HOLA! \u00bfLISTO PARA EMPEZAR A AHORRAR DINERO E IMPRESIONAR A TUS CLIENTES CON HERMOSAS GALLETAS PERSONALIZADAS?\n\n<\/h3>\t\t\t<div class='desc'>\n\t\t\t\t<p>\u00a1Esta es una excelente manera de mejorar tus habilidades con las galletas; podr\u00e1s impresionar a tus amigos y familiares y, por qu\u00e9 no, tal vez este sea tambi\u00e9n el comienzo de tu negocio de galletas!\u00a0<\/p><hr \/><p>Hi! \ud83e\udd70 Thank you so much for your interest in the <strong>Suscripcion mensual en l\u00ednea de Pekascookies<\/strong> \u2014 I\u2019m so excited to tell you more! \ud83d\udc95\ud83c\udf6a<\/p><p><strong>\ud83c\udf81 What\u2019s included in the subscription?<\/strong><br \/>Cada mes recibir\u00e1s <strong>tutoriales exclusivos paso a paso<\/strong> Para decorar un set tem\u00e1tico completo de 10 a 12 galletas de az\u00facar con royal icing. Tambi\u00e9n tendr\u00e1s acceso a <strong>m\u00e1s de 650 tutoriales de meses anteriores<\/strong>, plantillas, etiquetas imprimibles, consejos sobre la consistencia del royal icing y todo lo que necesitas para mejorar tus habilidades a tu propio ritmo.<\/p><p><strong>\ud83d\udcb5 How much does it cost?<\/strong><br \/>La membres\u00eda es solo <strong>$15.96 USD per month<\/strong> \u00a1Sin compromiso, cancela cuando quieras! Recibir\u00e1s much\u00edsima informaci\u00f3n valiosa e inspiraci\u00f3n cada mes.<\/p><p><strong>\ud83d\udcc5 When do new tutorials come out?<\/strong><br \/>Nosotras subiremos <strong>un nuevo tema cada mes<\/strong>\u00a1Y tendr\u00e1s acceso al comienzo de cada mes siempre y cuando tengas tu membresia activa!<\/p><p><strong>\ud83c\udf1f Is it beginner friendly?<\/strong><br \/>\u00a1Por supuesto! Asi sea que quieres empezar de cero y nunca ahigas sostenido una bolsa de royal icing en tu mano o bien si lo que quieres es subir tus habilidades al siguiente nivel mis tutoriales te van a guiar paso a paso <strong>step by step<\/strong>, desde formas b\u00e1sicas hasta hermosos dise\u00f1os. Muchos de nuestros miembros empezaron como principiantes y ahora se sienten seguros y orgullosos de sus creaciones.<\/p><p>If you\u2019re ready to join or have any questions, feel free to message me \u2014 I\u2019d love to welcome you into our sweet cookie community \ud83d\udc97<\/p><p>\u00a0<\/p>\t\t\t<\/div>\n\t\t<\/div>\t\t\t\t<\/div>\n\t\t\t\t<\/div>\n\t\t\t\t\t<\/div>\n\t\t\t\t<\/div>\n\t\t<div class=\"elementor-element elementor-element-d9d5493 e-flex e-con-boxed e-con e-parent\" data-id=\"d9d5493\" data-element_type=\"container\" data-e-type=\"container\">\n\t\t\t\t\t<div class=\"e-con-inner\">\n\t\t\t\t<div class=\"elementor-element elementor-element-b006f45 elementor-widget elementor-widget-thim-ekits-button\" data-id=\"b006f45\" data-element_type=\"widget\" data-e-type=\"widget\" data-widget_type=\"thim-ekits-button.default\">\n\t\t\t\t<div class=\"elementor-widget-container\">\n\t\t\t\t\t\n\t\t<div class=\"thim-ekits-button custom-button-hover\">\n\t\t\t<a href=\"https:\/\/pekascookiesonline.com\/es\/subscriptions\/\" target=\"_blank\" role=\"button\">\n\t\t\t\t<span class=\"button-content-wrapper\">\n\t\t\t\t\t\u00daNETE AHORA\t\t\t\t<\/span>\n\t\t\t<\/a>\n\t\t<\/div>\n\n\t\t\t\t\t\t<\/div>\n\t\t\t\t<\/div>\n\t\t\t\t\t<\/div>\n\t\t\t\t<\/div>\n\t\t\t\t<\/div>","protected":false},"excerpt":{"rendered":"<p>HELLO! ARE YOU READY TO START SAVING MONEY AND IMPRESS YOUR CUSTOMERS WITH BEAUTIFUL CUSTOM COOKIES? This is such a [&hellip;]<\/p>\n","protected":false},"author":3,"featured_media":0,"parent":0,"menu_order":0,"comment_status":"closed","ping_status":"closed","template":"","meta":{"_acf_changed":false,"pmpro_default_level":"","footnotes":""},"class_list":["post-29352","page","type-page","status-publish","hentry","pmpro-has-access"],"acf":[],"_links":{"self":[{"href":"https:\/\/pekascookiesonline.com\/es\/wp-json\/wp\/v2\/pages\/29352","targetHints":{"allow":["GET"]}}],"collection":[{"href":"https:\/\/pekascookiesonline.com\/es\/wp-json\/wp\/v2\/pages"}],"about":[{"href":"https:\/\/pekascookiesonline.com\/es\/wp-json\/wp\/v2\/types\/page"}],"author":[{"embeddable":true,"href":"https:\/\/pekascookiesonline.com\/es\/wp-json\/wp\/v2\/users\/3"}],"replies":[{"embeddable":true,"href":"https:\/\/pekascookiesonline.com\/es\/wp-json\/wp\/v2\/comments?post=29352"}],"version-history":[{"count":0,"href":"https:\/\/pekascookiesonline.com\/es\/wp-json\/wp\/v2\/pages\/29352\/revisions"}],"wp:attachment":[{"href":"https:\/\/pekascookiesonline.com\/es\/wp-json\/wp\/v2\/media?parent=29352"}],"curies":[{"name":"wp","href":"https:\/\/api.w.org\/{rel}","templated":true}]}}