{"id":29362,"date":"2025-08-05T00:43:56","date_gmt":"2025-08-05T00:43:56","guid":{"rendered":"https:\/\/www.pekascookiesonline.com\/?page_id=29362"},"modified":"2025-08-05T01:08:50","modified_gmt":"2025-08-05T01:08:50","slug":"vip-es","status":"publish","type":"page","link":"https:\/\/pekascookiesonline.com\/es\/vip-es\/","title":{"rendered":"VIP-ES"},"content":{"rendered":"<div data-elementor-type=\"wp-page\" data-elementor-id=\"29362\" class=\"elementor elementor-29362\" data-elementor-post-type=\"page\">\n\t\t\t\t<div class=\"elementor-element elementor-element-2f0b887b e-flex e-con-boxed e-con e-parent\" data-id=\"2f0b887b\" data-element_type=\"container\" data-e-type=\"container\">\n\t\t\t\t\t<div class=\"e-con-inner\">\n\t\t\t\t<div class=\"elementor-element elementor-element-7f3a6bef elementor-widget elementor-widget-thim-ekits-heading\" data-id=\"7f3a6bef\" data-element_type=\"widget\" data-e-type=\"widget\" data-widget_type=\"thim-ekits-heading.default\">\n\t\t\t\t<div class=\"elementor-widget-container\">\n\t\t\t\t\t<div class=\"thim-ekits-heading thim-ekit__heading\"><h3 class=\"sub-heading\">\u00a1HOLA! \u00bfLISTA PARA EMPEZAR A AHORRAR DINERO E IMPRESIONAR A TUS CLIENTES CON HERMOSAS GALLETAS PERSONALIZADAS?\n\n<\/h3>\t\t\t<div class='desc'>\n\t\t\t\t<p>Esta es una forma fant\u00e1stica de mejorar tus habilidades con las galletas. Podr\u00e1s impresionar a tus amigos y familiares, y por qu\u00e9 no, \u00a1quiz\u00e1s este sea tambi\u00e9n el comienzo de tu propio negocio de galletas!<\/p><p>\u00a1Hola! \ud83e\udd70 Muchas gracias por tu inter\u00e9s en mi Subscricion Mensual En Linea\u00a0 \u00a1Tengo muchas ganas de contarte m\u00e1s! \ud83d\udc95\ud83c\udf6a<\/p><p>\ud83c\udf81 \u00bfQu\u00e9 incluye la suscripci\u00f3n?<br \/>Cada mes, recibir\u00e1s tutoriales exclusivos paso a paso para decorar un set tem\u00e1tico completo de 10 a 12 galletas decoradas con royal icing. Tambi\u00e9n tendr\u00e1s acceso a m\u00e1s de 650 tutoriales de meses anteriores, plantillas por si no tienes cortadores, etiquetas imprimibles para que tus galletas tengan una mejor presentacion y se vendan solitas, consejos para la consistencia del royal icing y todo lo necesario para que mejores\u00a0 tus habilidades a tu propio ritmo, desde cualquier aparato con internet y desde cualquier lugar del mundo.<\/p><p>Los videos son grabados en espa\u00f1ol y tienen subtitulos generados por AL en ingles.<\/p><p>\ud83d\udcb5 \u00bfCu\u00e1nto cuesta?<br \/>La suscripcion VIP cuesta solo $15.96 USD al mes: \u00a1sin compromiso, puedes cancelar cuando quieras! Recibir\u00e1s much\u00edsima informaci\u00f3n valiosa e inspiraci\u00f3n cada mes.<\/p><p><strong>\ud83d\udcc5<\/strong>\u00bfCu\u00e1ndo salen los nuevos tutoriales?<br \/>Lanzamos nuevos tutoriales 3 veces por semana los dias lunes, miercoles y jueves. Un nuevo tema cada mes y tendr\u00e1s acceso a principios de mes, \u00a1siempre que est\u00e9s suscrito!<\/p><p><strong>\ud83c\udf1f<\/strong>\u00bfEs apto para principiantes?<br \/>\u00a1Por supuesto! Tanto que si nunca has usado una manga de royal icing como si ya tuvieras un monton de experiencia, mis tutoriales est\u00e1n dise\u00f1ados para guiarte paso a paso, los videos estan en tiempo real, no se editan y no se recortan, empezamos con la galleta mas sencilla y terminamos con dise\u00f1os preciosos. Muchos de nuestras alumnas empezaron como principiantes absolutas sin saber nada y ahora se sienten seguras y orgullosas de sus creaciones.<\/p><p>Si est\u00e1s lista para unirte da click en unirte ahora o si tienes alguna pregunta, no dudes en escribirme. Me encantar\u00eda darte la bienvenida a nuestra dulce comunidad de galletas. \ud83d\udc97<\/p>\t\t\t<\/div>\n\t\t<\/div>\t\t\t\t<\/div>\n\t\t\t\t<\/div>\n\t\t\t\t\t<\/div>\n\t\t\t\t<\/div>\n\t\t<div class=\"elementor-element elementor-element-1eb7365c e-flex e-con-boxed e-con e-parent\" data-id=\"1eb7365c\" data-element_type=\"container\" data-e-type=\"container\">\n\t\t\t\t\t<div class=\"e-con-inner\">\n\t\t\t\t<div class=\"elementor-element elementor-element-8a6b7e5 elementor-widget elementor-widget-thim-ekits-button\" data-id=\"8a6b7e5\" data-element_type=\"widget\" data-e-type=\"widget\" data-widget_type=\"thim-ekits-button.default\">\n\t\t\t\t<div class=\"elementor-widget-container\">\n\t\t\t\t\t\n\t\t<div class=\"thim-ekits-button custom-button-hover\">\n\t\t\t<a href=\"https:\/\/www.pekascookiesonline.com\/es\/subscriptions\/\" target=\"_blank\" role=\"button\">\n\t\t\t\t<span class=\"button-content-wrapper\">\n\t\t\t\t\tUNETE AHORA\t\t\t\t<\/span>\n\t\t\t<\/a>\n\t\t<\/div>\n\n\t\t\t\t\t\t<\/div>\n\t\t\t\t<\/div>\n\t\t\t\t\t<\/div>\n\t\t\t\t<\/div>\n\t\t\t\t<\/div>","protected":false},"excerpt":{"rendered":"<p>\u00a1HOLA! \u00bfLISTA PARA EMPEZAR A AHORRAR DINERO E IMPRESIONAR A TUS CLIENTES CON HERMOSAS GALLETAS PERSONALIZADAS? Esta es una forma [&hellip;]<\/p>\n","protected":false},"author":3,"featured_media":0,"parent":0,"menu_order":0,"comment_status":"closed","ping_status":"closed","template":"","meta":{"_acf_changed":false,"pmpro_default_level":"","footnotes":""},"class_list":["post-29362","page","type-page","status-publish","hentry","pmpro-has-access"],"acf":[],"_links":{"self":[{"href":"https:\/\/pekascookiesonline.com\/es\/wp-json\/wp\/v2\/pages\/29362","targetHints":{"allow":["GET"]}}],"collection":[{"href":"https:\/\/pekascookiesonline.com\/es\/wp-json\/wp\/v2\/pages"}],"about":[{"href":"https:\/\/pekascookiesonline.com\/es\/wp-json\/wp\/v2\/types\/page"}],"author":[{"embeddable":true,"href":"https:\/\/pekascookiesonline.com\/es\/wp-json\/wp\/v2\/users\/3"}],"replies":[{"embeddable":true,"href":"https:\/\/pekascookiesonline.com\/es\/wp-json\/wp\/v2\/comments?post=29362"}],"version-history":[{"count":0,"href":"https:\/\/pekascookiesonline.com\/es\/wp-json\/wp\/v2\/pages\/29362\/revisions"}],"wp:attachment":[{"href":"https:\/\/pekascookiesonline.com\/es\/wp-json\/wp\/v2\/media?parent=29362"}],"curies":[{"name":"wp","href":"https:\/\/api.w.org\/{rel}","templated":true}]}}