{"id":28178,"date":"2025-01-23T18:07:05","date_gmt":"2025-01-23T18:07:05","guid":{"rendered":"https:\/\/www.pekascookiesonline.com\/?post_type=product&#038;p=28178"},"modified":"2025-03-25T18:25:55","modified_gmt":"2025-03-25T18:25:55","slug":"tutorial-342-cookie-cutter","status":"publish","type":"product","link":"https:\/\/pekascookiesonline.com\/es\/producto\/tutorial-342-cookie-cutter\/","title":{"rendered":"TUTORIAL 342 COOKIE CUTTER"},"content":{"rendered":"","protected":false},"excerpt":{"rendered":"<p><strong>INFORMACI\u00d3N DEL PRODUCTO:<\/strong> Este cortador es una impresi\u00f3n 3D del contorno de la imagen. No incluye ninguna plantilla como referencia; puedes adquirir la clase complementaria para descargar la plantilla, que se vende por separado en la membres\u00eda VIP mensual puedes suscribirte hoy mismo. <a href=\"https:\/\/pekascookiesonline.com\/es\/subscriptions\/\">aqui<\/a><\/p>\n<p><a href=\"https:\/\/pekascookiesonline.com\/es\/lp-profile\/\"><b>HAGA CLIC AQU\u00cd<\/b><\/a> para acceder al Panel de Alumnos (deber\u00e1 iniciar sesi\u00f3n en su cuenta para acceder a estos recursos exclusivos).<\/p>\n<p><strong>MATERIAL Y CUIDADO:<\/strong>\u00a0Los cortadores de galletas son cortadores impresos en 3D. Lavar a mano \u00fanicamente con agua helada y jab\u00f3n. No son aptos para lavavajillas. Evita cualquier contacto con el calor para prolongar el tiempo de vida. Los cortadores de galletas pueden da\u00f1arse si no se almacenan correctamente, evita poner cosas pesadas encima.<\/p>\n<p><strong>TAMA\u00d1O:<\/strong>\u00a0Las dimensiones del cortador de galletas pueden variar y pueden ser aproximadas, aseg\u00farate de seleccionar el tama\u00f1o que necesitas antes de hacer la compra.<\/p>\n<p class=\"translation-block\"><strong>COLOR:<\/strong> El color de los cortadores puede variar sin previo aviso.<\/p>\n<p class=\"translation-block\"><strong>POL\u00cdTICA DE DEVOLUCI\u00d3N Y REEMBOLSO: <\/strong> Lee las instrucciones de cuidado antes de realizar la compra. Contactame para discutir tu problema, intentar\u00e9 reemplazar el da\u00f1o si tiene un motivo v\u00e1lido. Si recibes un art\u00edculo da\u00f1ado, comun\u00edcate conmigo de inmediato para que me compartas fotos del problema y hablemos de un posible reemplazo, correo electr\u00f3nico: pekascookiesonline@gmail.com<\/p>\n<p>*Tienes 30 d\u00edas desde la fecha de entrega para reclamar el producto da\u00f1ado o defectuoso.<\/p>\n<p>*Los art\u00edculos que est\u00e9n da\u00f1ados por no seguir las instrucciones de cuidado o por negligencia (no tener un cuidado razonable) no ser\u00e1n reemplazados.<\/p>\n<p><strong>CANCELACIONES:\u00a0<\/strong>Puedes cancelar tu pedido dentro de las primeras 24 horas y tendr\u00e1s un reembolso de 50% no recibir\u00e1s ning\u00fan producto f\u00edsico.<\/p>\n<p>*Todas las ventas son finales, No se permiten devoluciones.<\/p>\n<p>*Si tienes cualquier duda contactame por correo a\u00a0<a href=\"mailto:pekascookiesonline@gmail.com\">pekascookiesonline@gmail.com<\/a><\/p>\n<p><strong>TIEMPO DE PROCESAMIENTO:<\/strong>\u00a04-6 dias habiles hora (GMT-7)<\/p>\n<p><strong>TIEMPO DE ENV\u00cdO:<\/strong>\u00a0Depende del servicio de paqueteria que seleccionas al hacer tu pago var\u00eda entre 4-7 d\u00edas h\u00e1biles.<\/p>","protected":false},"featured_media":28182,"comment_status":"open","ping_status":"closed","template":"","meta":{"_acf_changed":false,"pmpro_default_level":""},"product_brand":[],"product_cat":[150,28,29],"product_tag":[],"class_list":{"0":"post-28178","1":"product","2":"type-product","3":"status-publish","4":"has-post-thumbnail","6":"product_cat-birthday","7":"product_cat-cookie-cutter","8":"product_cat-cutters","9":"pmpro-has-access","10":"tm-no-options","12":"first","13":"instock","14":"sold-individually","15":"taxable","16":"shipping-taxable","17":"purchasable","18":"product-type-variable"},"acf":[],"_links":{"self":[{"href":"https:\/\/pekascookiesonline.com\/es\/wp-json\/wp\/v2\/product\/28178","targetHints":{"allow":["GET"]}}],"collection":[{"href":"https:\/\/pekascookiesonline.com\/es\/wp-json\/wp\/v2\/product"}],"about":[{"href":"https:\/\/pekascookiesonline.com\/es\/wp-json\/wp\/v2\/types\/product"}],"replies":[{"embeddable":true,"href":"https:\/\/pekascookiesonline.com\/es\/wp-json\/wp\/v2\/comments?post=28178"}],"version-history":[{"count":0,"href":"https:\/\/pekascookiesonline.com\/es\/wp-json\/wp\/v2\/product\/28178\/revisions"}],"wp:featuredmedia":[{"embeddable":true,"href":"https:\/\/pekascookiesonline.com\/es\/wp-json\/wp\/v2\/media\/28182"}],"wp:attachment":[{"href":"https:\/\/pekascookiesonline.com\/es\/wp-json\/wp\/v2\/media?parent=28178"}],"wp:term":[{"taxonomy":"product_brand","embeddable":true,"href":"https:\/\/pekascookiesonline.com\/es\/wp-json\/wp\/v2\/product_brand?post=28178"},{"taxonomy":"product_cat","embeddable":true,"href":"https:\/\/pekascookiesonline.com\/es\/wp-json\/wp\/v2\/product_cat?post=28178"},{"taxonomy":"product_tag","embeddable":true,"href":"https:\/\/pekascookiesonline.com\/es\/wp-json\/wp\/v2\/product_tag?post=28178"}],"curies":[{"name":"wp","href":"https:\/\/api.w.org\/{rel}","templated":true}]}}