{"id":28486,"date":"2025-03-11T17:37:40","date_gmt":"2025-03-11T17:37:40","guid":{"rendered":"https:\/\/www.pekascookiesonline.com\/?post_type=product&#038;p=28486"},"modified":"2025-03-11T17:45:03","modified_gmt":"2025-03-11T17:45:03","slug":"valentines-day-cookie-class-in-person-2","status":"publish","type":"product","link":"https:\/\/pekascookiesonline.com\/es\/producto\/valentines-day-cookie-class-in-person-2\/","title":{"rendered":"CLASE DE GALLETAS PARA EL D\u00cdA DE SAN VALENT\u00cdN (EN PERSONA)"},"content":{"rendered":"","protected":false},"excerpt":{"rendered":"<p><strong>\u00a1Buscando una forma dulce de recordar los dias festivos!<\/strong><\/p>\n<p>&nbsp;<\/p>\n<p>Peka's Cookies tiene la soluci\u00f3n perfecta para ti! Estas deliciosas galletas de vainilla y az\u00facar son de tama\u00f1o peque\u00f1o, lo que las convierte en el regalo perfecto para cualquier evento, aprender\u00e1s a decorar estas galletas y \u00a1nos divertiremos un mont\u00f3n!<\/p>\n<h3><strong>\u00a1Ven a mi casa y divi\u00e9rtete decorando galletas navide\u00f1as!<\/strong><\/h3>\n<h3><strong>Direcci\u00f3n: Summer Night PL NW<\/strong><\/h3>\n<h3><strong>Taller de dos d\u00edas:<\/strong><\/h3>\n<h3><strong>6 de enero de 2025 de 15:30 a 18:30 horas y 7 de enero de 2025 de 15:30 a 18:30 horas<\/strong><\/h3>\n<p>\u00a1Estoy tan emocionada de ser lo suficientemente valiente para ense\u00f1ar c\u00f3mo decorar estas galletas!<\/p>\n<p>\u00a1Ven a mi casa y decora unas galletas conmigo! Nos divertiremos mucho y aprenderemos un mont\u00f3n.<\/p>\n<p>En esta clase aprender\u00e1s a decorar 3 galletas.<\/p>\n<p>Esta clase incluye:<\/p>\n<p>Dia 1<\/p>\n<p>Mis recetas exclusivas de galletas y royal icing<\/p>\n<p>Dia 2<\/p>\n<p>1 osito ni\u00f1a \u2013 2 corazones (galleta (ya horneada, aprender\u00e1s paso a paso como decorarla y te llevar\u00e1s esta galleta a casa)<\/p>\n<p>4 bolsas de glaseado real (blanco, cafe, rojo, negro)<\/p>\n<p>Acepto personas mayores de 13 a\u00f1os (acompa\u00f1adas de un adulto que deber\u00e1 comprar su propia entrada)<\/p>\n<p>Las galletas contienen gluten y l\u00e1cteos. Las galletas no contienen frutos secos, pero en la cocina se usan otros productos como: lacteos, huevo, trigo, huevos, trigo, soja, cacahuate, frutos secos, pescado y semillas. Se trata de un producto casero en la cocina de una casa, no inspeccionado por las autoridades sanitarias. Sin embargo, todo est\u00e1 completamente desinfectado y limpio paso a paso.<\/p>\n<p>Recuerda que este es un producto hecho a mano y se pueden esperar algunas variaciones tanto en el color como en el tama\u00f1o, ninguna galleta sera exactamente igual. Sin embargo, hago todo lo posible para que mis im\u00e1genes coincidan y trato de garantizar las mejores galletas para mis clientes.<\/p>\n<p><strong>CANCELACIONES:<\/strong>\u00a0Puedes cancelar tu pedido dentro de las primeras 24 horas y tendr\u00e1s un reembolso del 100% no recibir\u00e1s ning\u00fan producto f\u00edsico.<\/p>\n<p>*Todas las ventas son finales, No se permiten devoluciones.<\/p>\n<p>*Si tienes alguna duda contactame por correo a pekascookiesonline@gmail.com<\/p>","protected":false},"featured_media":28353,"comment_status":"open","ping_status":"closed","template":"","meta":{"_acf_changed":false,"pmpro_default_level":""},"product_brand":[],"product_cat":[131],"product_tag":[],"class_list":{"0":"post-28486","1":"product","2":"type-product","3":"status-publish","4":"has-post-thumbnail","6":"product_cat-inperson","7":"pmpro-has-access","8":"tm-no-options","10":"first","11":"outofstock","12":"sold-individually","13":"taxable","14":"shipping-taxable","15":"purchasable","16":"product-type-simple"},"acf":[],"_links":{"self":[{"href":"https:\/\/pekascookiesonline.com\/es\/wp-json\/wp\/v2\/product\/28486","targetHints":{"allow":["GET"]}}],"collection":[{"href":"https:\/\/pekascookiesonline.com\/es\/wp-json\/wp\/v2\/product"}],"about":[{"href":"https:\/\/pekascookiesonline.com\/es\/wp-json\/wp\/v2\/types\/product"}],"replies":[{"embeddable":true,"href":"https:\/\/pekascookiesonline.com\/es\/wp-json\/wp\/v2\/comments?post=28486"}],"version-history":[{"count":0,"href":"https:\/\/pekascookiesonline.com\/es\/wp-json\/wp\/v2\/product\/28486\/revisions"}],"wp:featuredmedia":[{"embeddable":true,"href":"https:\/\/pekascookiesonline.com\/es\/wp-json\/wp\/v2\/media\/28353"}],"wp:attachment":[{"href":"https:\/\/pekascookiesonline.com\/es\/wp-json\/wp\/v2\/media?parent=28486"}],"wp:term":[{"taxonomy":"product_brand","embeddable":true,"href":"https:\/\/pekascookiesonline.com\/es\/wp-json\/wp\/v2\/product_brand?post=28486"},{"taxonomy":"product_cat","embeddable":true,"href":"https:\/\/pekascookiesonline.com\/es\/wp-json\/wp\/v2\/product_cat?post=28486"},{"taxonomy":"product_tag","embeddable":true,"href":"https:\/\/pekascookiesonline.com\/es\/wp-json\/wp\/v2\/product_tag?post=28486"}],"curies":[{"name":"wp","href":"https:\/\/api.w.org\/{rel}","templated":true}]}}