{"id":29517,"date":"2025-08-07T00:11:52","date_gmt":"2025-08-07T00:11:52","guid":{"rendered":"https:\/\/www.pekascookiesonline.com\/?post_type=product&#038;p=29517"},"modified":"2025-08-07T00:17:35","modified_gmt":"2025-08-07T00:17:35","slug":"tutorial-655-cookie-cutter-stl-file","status":"publish","type":"product","link":"https:\/\/pekascookiesonline.com\/es\/producto\/tutorial-655-cookie-cutter-stl-file\/","title":{"rendered":"TUTORIAL 655 COOKIE CUTTER STL FILE"},"content":{"rendered":"","protected":false},"excerpt":{"rendered":"<p><strong>POL\u00cdTICA DE ARCHIVOS STL DIGITALES: Tenga en cuenta y lea antes de agregarlos a su carrito de compras. <\/strong>Al comprar archivos STL de mis dise\u00f1os de cortadores de galletas, tenga en cuenta los siguientes t\u00e9rminos y condiciones.<strong> No brindo ning\u00fan soporte para la impresi\u00f3n 3D ni soluci\u00f3n de problemas relacionados con el proceso de impresi\u00f3n.<\/strong>Estos archivos son solo para uso personal y no se pueden revender, compartir ni distribuir de ninguna forma, incluidos los cortadores creados con ellos. El \u00fanico uso permitido de los cortadores impresos en 3D con nuestros archivos es vender o regalar las galletas decoradas que se crearon con ellos; los cortadores en s\u00ed no se pueden vender ni regalar. Adem\u00e1s, nuestros dise\u00f1os y archivos STL no se pueden modificar de ninguna manera. Al comprar, acepta cumplir con estos t\u00e9rminos para proteger la integridad y originalidad de nuestros dise\u00f1os.<\/p>\n<p><strong>INFORMACI\u00d3N DEL PRODUCTO:<\/strong> La forma del cortador de galletas es solo la silueta del boceto (imagen), el contorno de la forma. Obtendr\u00e1s la misma forma de 2 a 6 pulgadas, lo que significa 9 diferentes archivos, en un archivo zip. Deber\u00e1s descomprimir el archivo en tu computadora antes de imprimir. Tus archivos estar\u00e1n disponibles para descargar una vez confirmado el pago. Tambi\u00e9n puedes ver este tutorial.\u00a0 <a href=\"https:\/\/pekascookiesonline.com\/es\/subscriptions\/\">aqui<\/a><\/p>\n<p><a href=\"https:\/\/pekascookiesonline.com\/es\/lp-profile\/\"><b>HAGA CLIC AQU\u00cd<\/b><\/a> para acceder al Panel de Alumnos (deber\u00e1 iniciar sesi\u00f3n en su cuenta para acceder a estos recursos exclusivos).<\/p>\n<p><strong>TAMA\u00d1O:<\/strong>\u00a0Las dimensiones del cortador de galletas pueden variar y pueden ser aproximadas, aseg\u00farate de seleccionar el tama\u00f1o que necesitas antes de hacer la compra.<\/p>\n<p class=\"translation-block\"><strong>POL\u00cdTICA DE DEVOLUCI\u00d3N Y REEMBOLSO: Los art\u00edculos de descarga instant\u00e1nea no aceptan devoluciones, cambios ni cancelaciones.<\/p>\n<p><strong>CANCELACIONES: No acepto devoluciones, cambios ni cancelaciones en los art\u00edculos de descarga instant\u00e1nea.\u00a0<\/strong><\/p>\n<p>*Si tienes cualquier duda contactame por correo a\u00a0<a href=\"mailto:pekascookiesonline@gmail.com\">pekascookiesonline@gmail.com<\/a><\/p>\n<p>&nbsp;<\/p>","protected":false},"featured_media":29399,"comment_status":"open","ping_status":"closed","template":"","meta":{"_acf_changed":false,"pmpro_default_level":""},"product_brand":[],"product_cat":[161,151,28],"product_tag":[],"class_list":{"0":"post-29517","1":"product","2":"type-product","3":"status-publish","4":"has-post-thumbnail","6":"product_cat-stl","7":"product_cat-animal","8":"product_cat-cookie-cutter","9":"pmpro-has-access","10":"tm-no-options","12":"first","13":"instock","14":"sale","15":"downloadable","16":"virtual","17":"sold-individually","18":"taxable","19":"purchasable","20":"product-type-simple"},"acf":[],"_links":{"self":[{"href":"https:\/\/pekascookiesonline.com\/es\/wp-json\/wp\/v2\/product\/29517","targetHints":{"allow":["GET"]}}],"collection":[{"href":"https:\/\/pekascookiesonline.com\/es\/wp-json\/wp\/v2\/product"}],"about":[{"href":"https:\/\/pekascookiesonline.com\/es\/wp-json\/wp\/v2\/types\/product"}],"replies":[{"embeddable":true,"href":"https:\/\/pekascookiesonline.com\/es\/wp-json\/wp\/v2\/comments?post=29517"}],"version-history":[{"count":0,"href":"https:\/\/pekascookiesonline.com\/es\/wp-json\/wp\/v2\/product\/29517\/revisions"}],"wp:featuredmedia":[{"embeddable":true,"href":"https:\/\/pekascookiesonline.com\/es\/wp-json\/wp\/v2\/media\/29399"}],"wp:attachment":[{"href":"https:\/\/pekascookiesonline.com\/es\/wp-json\/wp\/v2\/media?parent=29517"}],"wp:term":[{"taxonomy":"product_brand","embeddable":true,"href":"https:\/\/pekascookiesonline.com\/es\/wp-json\/wp\/v2\/product_brand?post=29517"},{"taxonomy":"product_cat","embeddable":true,"href":"https:\/\/pekascookiesonline.com\/es\/wp-json\/wp\/v2\/product_cat?post=29517"},{"taxonomy":"product_tag","embeddable":true,"href":"https:\/\/pekascookiesonline.com\/es\/wp-json\/wp\/v2\/product_tag?post=29517"}],"curies":[{"name":"wp","href":"https:\/\/api.w.org\/{rel}","templated":true}]}}