{"id":323,"date":"2024-07-08T20:00:29","date_gmt":"2024-07-08T20:00:29","guid":{"rendered":"https:\/\/www.pekascookiesonline.com\/?post_type=product&#038;p=323"},"modified":"2024-07-08T20:00:39","modified_gmt":"2024-07-08T20:00:39","slug":"monkey-scribe-tool-in-orange","status":"publish","type":"product","link":"https:\/\/pekascookiesonline.com\/es\/producto\/monkey-scribe-tool-in-orange\/","title":{"rendered":"PUNZON CHANGUITA EN NARANJA"},"content":{"rendered":"<p>&nbsp;<\/p>\n<p>&nbsp;<\/p>","protected":false},"excerpt":{"rendered":"<p>Punzon Personalizado (changuita mo\u00f1o \u201cnaranja\u201d)<\/p>\n<p>Estos punzones para galletas son las herramientas perfectas para las personas que aman hornear galletas, macarrones y m\u00e1s.<\/p>\n<p>Son ideales para esparcir el glaseado en esos rincones dif\u00edciles, corregir errores, agregar detalles y hacer estallar burbujas. Son un excelente regalo para todas las galleteras!!<\/p>\n<p>Est\u00e1n hechos con una punta trazadora de acero inoxidable de 4 pulgadas, un peque\u00f1o tap\u00f3n de goma para mantener las cuentas en su lugar, cuentas de silicona y una peque\u00f1a changuita realizada a mano en goma de pasta.<\/p>\n<p>Este punzon se puede limpiar con agua y jab\u00f3n suave y dejar secar al aire libre pero no se debe de poner en el lavavajillas.<\/p>\n<p>No esperes mas y ordena el tuyo!!<\/p>\n<p>Envio se cobra por serapado<\/p>\n<p>&nbsp;<\/p>","protected":false},"featured_media":354,"comment_status":"open","ping_status":"closed","template":"","meta":{"_acf_changed":false,"pmpro_default_level":""},"product_brand":[],"product_cat":[25,24],"product_tag":[],"class_list":{"0":"post-323","1":"product","2":"type-product","3":"status-publish","4":"has-post-thumbnail","6":"product_cat-producto","7":"product_cat-product","8":"pmpro-has-access","9":"tm-no-options","11":"first","12":"instock","13":"taxable","14":"shipping-taxable","15":"purchasable","16":"product-type-simple"},"acf":[],"_links":{"self":[{"href":"https:\/\/pekascookiesonline.com\/es\/wp-json\/wp\/v2\/product\/323","targetHints":{"allow":["GET"]}}],"collection":[{"href":"https:\/\/pekascookiesonline.com\/es\/wp-json\/wp\/v2\/product"}],"about":[{"href":"https:\/\/pekascookiesonline.com\/es\/wp-json\/wp\/v2\/types\/product"}],"replies":[{"embeddable":true,"href":"https:\/\/pekascookiesonline.com\/es\/wp-json\/wp\/v2\/comments?post=323"}],"version-history":[{"count":0,"href":"https:\/\/pekascookiesonline.com\/es\/wp-json\/wp\/v2\/product\/323\/revisions"}],"wp:featuredmedia":[{"embeddable":true,"href":"https:\/\/pekascookiesonline.com\/es\/wp-json\/wp\/v2\/media\/354"}],"wp:attachment":[{"href":"https:\/\/pekascookiesonline.com\/es\/wp-json\/wp\/v2\/media?parent=323"}],"wp:term":[{"taxonomy":"product_brand","embeddable":true,"href":"https:\/\/pekascookiesonline.com\/es\/wp-json\/wp\/v2\/product_brand?post=323"},{"taxonomy":"product_cat","embeddable":true,"href":"https:\/\/pekascookiesonline.com\/es\/wp-json\/wp\/v2\/product_cat?post=323"},{"taxonomy":"product_tag","embeddable":true,"href":"https:\/\/pekascookiesonline.com\/es\/wp-json\/wp\/v2\/product_tag?post=323"}],"curies":[{"name":"wp","href":"https:\/\/api.w.org\/{rel}","templated":true}]}}