{"id":335,"date":"2024-07-08T20:00:32","date_gmt":"2024-07-08T20:00:32","guid":{"rendered":"https:\/\/www.pekascookiesonline.com\/?post_type=product&#038;p=335"},"modified":"2024-07-08T20:00:52","modified_gmt":"2024-07-08T20:00:52","slug":"buy-these-cookies-christmas23","status":"publish","type":"product","link":"https:\/\/pekascookiesonline.com\/es\/producto\/buy-these-cookies-christmas23\/","title":{"rendered":"COMPRA ESTAS GALLETAS \u201cNAVIDAD23\u201d"},"content":{"rendered":"","protected":false},"excerpt":{"rendered":"<p>\u00bfBuscas una forma dulce de celebrar esta navidad?<\/p>\n<p>\u00a1Peka\u2019s Cookies tiene la soluci\u00f3n perfecta para ti! Estas deliciosas galletas de az\u00facar con vainilla son de tama\u00f1o peque\u00f1o, lo que las convierte en el regalo perfecto para cualquier fiesta o posada esta navidad, estoy segura de que van a impresionar a tus invitados!<\/p>\n<p><strong>TAMA\u00d1O:<\/strong>\u00a0Cada galleta de az\u00facar decorada mide aproximadamente 3\u2033 de alto, 3\/8\u2033-1\/2\u2033 de grosor.<\/p>\n<p><strong>DESCRIPCION:<\/strong> Cada galleta est\u00e1 pintada y detallada a mano. Cada galleta viene envuelta individualmente en una bolsa de celof\u00e1n transparente o atada con un lazo (si se elige). Los dise\u00f1os incluyen un pino navide\u00f1o, un baston, un mono de jengibre, un caballo, un tren, un carro, una muneca.<\/p>\n<p><strong>ENTREGAS:<\/strong>\u00a0Puedo realizar entregas en el \u00e1rea de Coors &amp; I40 en Albuquerque, NM<\/p>\n<p>*No se realizan env\u00edos fuera del estado.<\/p>\n<p>Las galletas contienen gluten y l\u00e1cteos. Las galletas no contienen frutos secos, pero en la cocina se usan otros productos como: lacteos, huevo, trigo, huevos, trigo, soja, cacahuate, frutos secos, pescado y semillas. Se trata de un producto casero en la cocina de una casa, no inspeccionado por las autoridades sanitarias. Sin embargo, todo est\u00e1 completamente desinfectado y limpio paso a paso.<\/p>\n<p>Recuerda que este es un producto hecho a mano y se pueden esperar algunas variaciones tanto en el color como en el tama\u00f1o, ninguna galleta sera exactamente igual. Sin embargo, hago todo lo posible para que mis im\u00e1genes coincidan y trato de garantizar las mejores galletas para mis clientes.<\/p>\n<p><strong>CANCELACIONES:<\/strong>\u00a0Puedes cancelar tu pedido dentro de las primeras 24 horas y tendr\u00e1s un reembolso del 100% no recibir\u00e1s ning\u00fan producto f\u00edsico.<\/p>\n<p>*Todas las ventas son finales, No se permiten devoluciones.<\/p>\n<p>*Si tienes alguna duda contactame por correo a pekascookiesonline@gmail.com<\/p>\n<p><strong>TIEMPO DE PROCESAMIENTO:<\/strong>\u00a04-6 d\u00edas habiles hora (GMT-7)<\/p>\n<p><strong>TIEMPO DE ENTREGA:<\/strong>\u00a0Depende de tu direccion.<\/p>\n<p><a href=\"https:\/\/www.pekascookiesonline.com\/en\/curso\/lp122023-suscripcion-diciembre-2023\/\"><b>\u00a1MIRA EL TUTORIAL PASO A PASO!<\/b><\/a>\u00a0\u00a1Este video est\u00e1 disponible para los miembros de\u00a0<b>\u201d VIP PLAN\u201d<\/b><\/p>\n<p><a href=\"https:\/\/www.pekascookiesonline.com\/\/en\/profile-lp\/\"><b>HAGA CLIC AQU\u00cd<\/b><\/a>\u00a0para acceder al Panel de Alumnos (deber\u00e1 iniciar sesi\u00f3n en su cuenta para acceder a estos recursos exclusivos).<\/p>","protected":false},"featured_media":365,"comment_status":"open","ping_status":"closed","template":"","meta":{"_acf_changed":false,"pmpro_default_level":""},"product_brand":[],"product_cat":[30],"product_tag":[31,32,33],"class_list":{"0":"post-335","1":"product","2":"type-product","3":"status-publish","4":"has-post-thumbnail","6":"product_cat-cookie-order","7":"product_tag-delivery","8":"product_tag-gift","9":"product_tag-pick-up","10":"pmpro-has-access","11":"tm-no-options","13":"first","14":"instock","15":"sold-individually","16":"taxable","17":"shipping-taxable","18":"purchasable","19":"product-type-simple"},"acf":[],"_links":{"self":[{"href":"https:\/\/pekascookiesonline.com\/es\/wp-json\/wp\/v2\/product\/335","targetHints":{"allow":["GET"]}}],"collection":[{"href":"https:\/\/pekascookiesonline.com\/es\/wp-json\/wp\/v2\/product"}],"about":[{"href":"https:\/\/pekascookiesonline.com\/es\/wp-json\/wp\/v2\/types\/product"}],"replies":[{"embeddable":true,"href":"https:\/\/pekascookiesonline.com\/es\/wp-json\/wp\/v2\/comments?post=335"}],"version-history":[{"count":0,"href":"https:\/\/pekascookiesonline.com\/es\/wp-json\/wp\/v2\/product\/335\/revisions"}],"wp:featuredmedia":[{"embeddable":true,"href":"https:\/\/pekascookiesonline.com\/es\/wp-json\/wp\/v2\/media\/365"}],"wp:attachment":[{"href":"https:\/\/pekascookiesonline.com\/es\/wp-json\/wp\/v2\/media?parent=335"}],"wp:term":[{"taxonomy":"product_brand","embeddable":true,"href":"https:\/\/pekascookiesonline.com\/es\/wp-json\/wp\/v2\/product_brand?post=335"},{"taxonomy":"product_cat","embeddable":true,"href":"https:\/\/pekascookiesonline.com\/es\/wp-json\/wp\/v2\/product_cat?post=335"},{"taxonomy":"product_tag","embeddable":true,"href":"https:\/\/pekascookiesonline.com\/es\/wp-json\/wp\/v2\/product_tag?post=335"}],"curies":[{"name":"wp","href":"https:\/\/api.w.org\/{rel}","templated":true}]}}