{"id":336,"date":"2024-07-08T20:00:32","date_gmt":"2024-07-08T20:00:32","guid":{"rendered":"https:\/\/www.pekascookiesonline.com\/?post_type=product&#038;p=336"},"modified":"2024-07-08T20:00:53","modified_gmt":"2024-07-08T20:00:53","slug":"stencil-lv","status":"publish","type":"product","link":"https:\/\/pekascookiesonline.com\/es\/producto\/stencil-lv\/","title":{"rendered":"ESTENCIL LV"},"content":{"rendered":"","protected":false},"excerpt":{"rendered":"<p><strong>INFORMACI\u00d3N DEL PRODUCTO:<\/strong>\u00a0Esta plantilla ha sido cortada en una pel\u00edcula de poli\u00e9ster.<\/p>\n<p><strong>MATERIAL Y CUIDADO:<\/strong> Lavar a mano \u00fanicamente con jab\u00f3n y agua tibia. Col\u00f3quelo en posici\u00f3n horizontal o d\u00e9 golpecitos con un pa\u00f1o para secar. Gu\u00e1rdelo en plano o en un lugar que evite que se doble o se rompa, como en una carpeta. La parte recortada de la plantilla ser\u00e1 de color negro.<\/p>\n<p><strong>TAMA\u00d1O:<\/strong>\u00a0 5.5 pulgadas x 5.5 pulgadas<\/p>\n<p><strong>COLOR:<\/strong>\u00a0El color del material puede variar sin previo aviso.<\/p>\n<p class=\"translation-block\"><strong>POL\u00cdTICA DE DEVOLUCI\u00d3N Y REEMBOLSO: <\/strong> Lee las instrucciones de cuidado antes de realizar la compra. Contactame para discutir tu problema, intentar\u00e9 reemplazar el da\u00f1o si tiene un motivo v\u00e1lido. Si recibes un art\u00edculo da\u00f1ado, comun\u00edcate conmigo de inmediato para que me compartas fotos del problema y hablemos de un posible reemplazo, correo electr\u00f3nico: pekascookiesonline@gmail.com<\/p>\n<p>*Tienes 30 d\u00edas desde la fecha de entrega para reclamar el producto da\u00f1ado o defectuoso.<\/p>\n<p>*Los art\u00edculos que est\u00e9n da\u00f1ados por no seguir las instrucciones de cuidado o por negligencia (no tener un cuidado razonable) no ser\u00e1n reemplazados.<\/p>\n<p><strong>CANCELACIONES:\u00a0<\/strong>Puedes cancelar tu pedido dentro de las primeras 24 horas y tendr\u00e1s un reembolso de 50% no recibir\u00e1s ning\u00fan producto f\u00edsico.<\/p>\n<p>*Todas las ventas son finales, No se permiten devoluciones.<\/p>\n<p>*Si tienes cualquier duda contactame por correo a\u00a0<a href=\"mailto:pekascookiesonline@gmail.com\">pekascookiesonline@gmail.com<\/a><\/p>\n<p><strong>TIEMPO DE PROCESAMIENTO:<\/strong>\u00a04-6 dias habiles hora (GMT-7)<\/p>\n<p><strong>TIEMPO DE ENV\u00cdO:<\/strong>\u00a0Depende del servicio de paqueteria que seleccionas al hacer tu pago var\u00eda entre 4-7 d\u00edas h\u00e1biles.<\/p>","protected":false},"featured_media":373,"comment_status":"open","ping_status":"closed","template":"","meta":{"_acf_changed":false,"pmpro_default_level":""},"product_brand":[],"product_cat":[34],"product_tag":[],"class_list":{"0":"post-336","1":"product","2":"type-product","3":"status-publish","4":"has-post-thumbnail","6":"product_cat-stencils","7":"pmpro-has-access","8":"tm-no-options","10":"first","11":"instock","12":"sold-individually","13":"taxable","14":"shipping-taxable","15":"purchasable","16":"product-type-simple"},"acf":[],"_links":{"self":[{"href":"https:\/\/pekascookiesonline.com\/es\/wp-json\/wp\/v2\/product\/336","targetHints":{"allow":["GET"]}}],"collection":[{"href":"https:\/\/pekascookiesonline.com\/es\/wp-json\/wp\/v2\/product"}],"about":[{"href":"https:\/\/pekascookiesonline.com\/es\/wp-json\/wp\/v2\/types\/product"}],"replies":[{"embeddable":true,"href":"https:\/\/pekascookiesonline.com\/es\/wp-json\/wp\/v2\/comments?post=336"}],"version-history":[{"count":0,"href":"https:\/\/pekascookiesonline.com\/es\/wp-json\/wp\/v2\/product\/336\/revisions"}],"wp:featuredmedia":[{"embeddable":true,"href":"https:\/\/pekascookiesonline.com\/es\/wp-json\/wp\/v2\/media\/373"}],"wp:attachment":[{"href":"https:\/\/pekascookiesonline.com\/es\/wp-json\/wp\/v2\/media?parent=336"}],"wp:term":[{"taxonomy":"product_brand","embeddable":true,"href":"https:\/\/pekascookiesonline.com\/es\/wp-json\/wp\/v2\/product_brand?post=336"},{"taxonomy":"product_cat","embeddable":true,"href":"https:\/\/pekascookiesonline.com\/es\/wp-json\/wp\/v2\/product_cat?post=336"},{"taxonomy":"product_tag","embeddable":true,"href":"https:\/\/pekascookiesonline.com\/es\/wp-json\/wp\/v2\/product_tag?post=336"}],"curies":[{"name":"wp","href":"https:\/\/api.w.org\/{rel}","templated":true}]}}